{"id":502,"date":"2017-09-27T14:20:04","date_gmt":"2017-09-27T12:20:04","guid":{"rendered":"https:\/\/ptrading.ch\/kontakte\/"},"modified":"2022-02-02T10:02:52","modified_gmt":"2022-02-02T08:02:52","slug":"kontakte","status":"publish","type":"page","link":"https:\/\/ptrading.ch\/de\/kontakte\/","title":{"rendered":"Kontakte"},"content":{"rendered":"<p>Unser Team erfahrener Handelsberater verf\u00fcgt \u00fcber ein<strong> einzigartiges Branchenwissen<\/strong>. Kunden und Lieferanten k\u00f6nnen sicher sein, dass alle wichtigen Regionen \u00fcber einen <strong>eigenen Ansprechpartner<\/strong> verf\u00fcgen, der stets bestrebt ist, <strong>auf jedem Gebiet die erforderlichen Ergebnisse<\/strong> zu liefern. Von technischen Informationen bis hin zu spezifischen L\u00f6sungen bez\u00fcglich der Lieferkette wird Ihr zentraler Ansprechpartner eine gesch\u00e4tzte Erweiterung Ihres Teams sein.<\/p>\n<p>Ihren lokalen Ansprechpartner finden Sie weiter unten.<\/p>\n<p>Allgemeine Informationen erhalten Sie unter<a href=\"mailto:info@ptrading.ch\"> info@ptrading.ch<\/a>. Wir beantworten Ihre Fragen so schnell wie m\u00f6glich.<\/p>\n","protected":false},"excerpt":{"rendered":"<p>Unser Team erfahrener Handelsberater verf\u00fcgt \u00fcber ein einzigartiges Branchenwissen. Kunden und Lieferanten k\u00f6nnen sicher sein, dass alle wichtigen Regionen \u00fcber einen eigenen Ansprechpartner verf\u00fcgen, der stets bestrebt ist, auf jedem Gebiet die erforderlichen Ergebnisse zu liefern. Von technischen Informationen bis hin zu spezifischen L\u00f6sungen bez\u00fcglich der Lieferkette wird Ihr zentraler Ansprechpartner eine gesch\u00e4tzte Erweiterung Ihres [&hellip;]<\/p>\n","protected":false},"author":1,"featured_media":0,"parent":0,"menu_order":9,"comment_status":"closed","ping_status":"closed","template":"page-contacts.php","meta":{"_acf_changed":false,"footnotes":""},"class_list":["post-502","page","type-page","status-publish","hentry"],"acf":[],"_links":{"self":[{"href":"https:\/\/ptrading.ch\/de\/wp-json\/wp\/v2\/pages\/502","targetHints":{"allow":["GET"]}}],"collection":[{"href":"https:\/\/ptrading.ch\/de\/wp-json\/wp\/v2\/pages"}],"about":[{"href":"https:\/\/ptrading.ch\/de\/wp-json\/wp\/v2\/types\/page"}],"author":[{"embeddable":true,"href":"https:\/\/ptrading.ch\/de\/wp-json\/wp\/v2\/users\/1"}],"replies":[{"embeddable":true,"href":"https:\/\/ptrading.ch\/de\/wp-json\/wp\/v2\/comments?post=502"}],"version-history":[{"count":2,"href":"https:\/\/ptrading.ch\/de\/wp-json\/wp\/v2\/pages\/502\/revisions"}],"predecessor-version":[{"id":631,"href":"https:\/\/ptrading.ch\/de\/wp-json\/wp\/v2\/pages\/502\/revisions\/631"}],"wp:attachment":[{"href":"https:\/\/ptrading.ch\/de\/wp-json\/wp\/v2\/media?parent=502"}],"curies":[{"name":"wp","href":"https:\/\/api.w.org\/{rel}","templated":true}]}}