{"id":504,"date":"2018-02-02T16:36:37","date_gmt":"2018-02-02T14:36:37","guid":{"rendered":"https:\/\/ptrading.ch\/foor-partners\/"},"modified":"2025-01-29T09:19:04","modified_gmt":"2025-01-29T07:19:04","slug":"foor-partners","status":"publish","type":"page","link":"https:\/\/ptrading.ch\/de\/foor-partners\/","title":{"rendered":"Foor partners"},"content":{"rendered":"<p>Wir bedanken uns f\u00fcr Ihre Entscheidung, mit <strong>Polymers Trading International AG<\/strong> zusammenzuarbeiten. Als Ihr zuverl\u00e4ssiger Partner werden wir erfolgreich zu unserem gemeinsamen Erfolg zusammenarbeiten. Hier finden Sie Informationen f\u00fcr unsere Gewerbepartner.<\/p>\n<div>\n<div><a href=\"https:\/\/ptrading.ch\/wp-content\/uploads\/2021\/12\/Code-of-Conduct-for-Suppliers-2021.pdf\">Verhaltenskodex f\u00fcr Lieferanten<\/a><\/div>\n<div>\u00a0<\/div>\n<div><strong>Hier k\u00f6nnen Sie die Allgemeinen Gesch\u00e4ftsbedingungen (AGB) f\u00fcr den Verkauf der Polymers Trading International AG herunterladen<\/strong><\/div>\n<\/div>\n<div>F\u00fcr Vertr\u00e4ge, die seit dem 17. Dezember 2023 geschlossen wurden:<\/div>\n<div>\n<div><a href=\"https:\/\/ptrading.ch\/wp-content\/uploads\/2025\/01\/PTI_GTC-2023-12-18_final.pdf\" target=\"_blank\" rel=\"noopener noreferrer\">Allgemeinen Gesch\u00e4ftsbedingungen (AGB) f\u00fcr den Verkauf der PTI<\/a><\/div>\n<div>F\u00fcr Vertr\u00e4ge, die seit dem 1. M\u00e4rz 2019 bis zum 17. Dezember 2023 geschlossen wurden:<\/div>\n<div>\n<div><a href=\"https:\/\/ptrading.ch\/wp-content\/uploads\/2019\/08\/PTI_GTC-2019-02_final.pdf\" target=\"_blank\" rel=\"noopener noreferrer\">Allgemeinen Gesch\u00e4ftsbedingungen (AGB) f\u00fcr den Verkauf der PTI<\/a><\/div>\n<\/div>\n<div>F\u00fcr Vertr\u00e4ge, die\u00a0 bis zum 28. Februar 2019 geschlossen wurden:<\/div>\n<div><a href=\"https:\/\/ptrading.ch\/wp-content\/uploads\/2018\/02\/General-terms.pdf\" target=\"_blank\" rel=\"noopener noreferrer\">Allgemeinen Gesch\u00e4ftsbedingungen (AGB) f\u00fcr den Verkauf der <u>PTI<\/u><\/a><\/div>\n","protected":false},"excerpt":{"rendered":"<p>Wir bedanken uns f\u00fcr Ihre Entscheidung, mit Polymers Trading International AG zusammenzuarbeiten. Als Ihr zuverl\u00e4ssiger Partner werden wir erfolgreich zu unserem gemeinsamen Erfolg zusammenarbeiten. Hier finden Sie Informationen f\u00fcr unsere Gewerbepartner. Verhaltenskodex f\u00fcr Lieferanten \u00a0 Hier k\u00f6nnen Sie die Allgemeinen Gesch\u00e4ftsbedingungen (AGB) f\u00fcr den Verkauf der Polymers Trading International AG herunterladen F\u00fcr Vertr\u00e4ge, die seit [&hellip;]<\/p>\n","protected":false},"author":1,"featured_media":600,"parent":0,"menu_order":4,"comment_status":"closed","ping_status":"closed","template":"page.php","meta":{"_acf_changed":false,"footnotes":""},"class_list":["post-504","page","type-page","status-publish","has-post-thumbnail","hentry"],"acf":[],"_links":{"self":[{"href":"https:\/\/ptrading.ch\/de\/wp-json\/wp\/v2\/pages\/504","targetHints":{"allow":["GET"]}}],"collection":[{"href":"https:\/\/ptrading.ch\/de\/wp-json\/wp\/v2\/pages"}],"about":[{"href":"https:\/\/ptrading.ch\/de\/wp-json\/wp\/v2\/types\/page"}],"author":[{"embeddable":true,"href":"https:\/\/ptrading.ch\/de\/wp-json\/wp\/v2\/users\/1"}],"replies":[{"embeddable":true,"href":"https:\/\/ptrading.ch\/de\/wp-json\/wp\/v2\/comments?post=504"}],"version-history":[{"count":4,"href":"https:\/\/ptrading.ch\/de\/wp-json\/wp\/v2\/pages\/504\/revisions"}],"predecessor-version":[{"id":752,"href":"https:\/\/ptrading.ch\/de\/wp-json\/wp\/v2\/pages\/504\/revisions\/752"}],"wp:featuredmedia":[{"embeddable":true,"href":"https:\/\/ptrading.ch\/de\/wp-json\/wp\/v2\/media\/600"}],"wp:attachment":[{"href":"https:\/\/ptrading.ch\/de\/wp-json\/wp\/v2\/media?parent=504"}],"curies":[{"name":"wp","href":"https:\/\/api.w.org\/{rel}","templated":true}]}}